{"id":41,"date":"2022-11-15T12:56:34","date_gmt":"2022-11-15T12:56:34","guid":{"rendered":"https:\/\/europeos.webs.upv.es\/?page_id=41"},"modified":"2022-12-14T11:08:23","modified_gmt":"2022-12-14T11:08:23","slug":"ayuda","status":"publish","type":"page","link":"https:\/\/europeos.webs.upv.es\/index.php\/ayuda\/","title":{"rendered":"Ayuda"},"content":{"rendered":"\n<div id=\"wp-block-themeisle-blocks-advanced-columns-51b75243\" class=\"wp-block-themeisle-blocks-advanced-columns has-1-columns has-desktop-equal-layout has-tablet-equal-layout has-mobile-equal-layout has-vertical-unset\"><div class=\"wp-block-themeisle-blocks-advanced-columns-overlay\"><\/div><div class=\"innerblocks-wrap\">\n<div id=\"wp-block-themeisle-blocks-advanced-column-497e51b9\" class=\"wp-block-themeisle-blocks-advanced-column\">\n<h2>FAQs<\/h2>\n<\/div>\n<\/div><\/div>\n\n\n\n<div class=\"wp-block-group is-nowrap is-layout-flex wp-container-core-group-is-layout-6c531013 wp-block-group-is-layout-flex\">\n<h4>Horizonte Europa<\/h4>\n\n\n\n<div><!--MOCKPLUS-RICH-HTML-COPIED-->Pregunt<span id=\"page3R_mcid9\" class=\"markedContent\"><span dir=\"ltr\" role=\"presentation\">as frecuentes<\/span> <span dir=\"ltr\" role=\"presentation\">sobre<\/span> <span dir=\"ltr\" role=\"presentation\">cuestiones administrativas y econ\u00f3micas<\/span> <span dir=\"ltr\" role=\"presentation\">en<\/span> <span dir=\"ltr\" role=\"presentation\">relaci\u00f3n a la presentaci\u00f3n<\/span> <span dir=\"ltr\" role=\"presentation\">solicitudes de ayudas<\/span> <span dir=\"ltr\" role=\"presentation\">por<\/span> <span dir=\"ltr\" role=\"presentation\">la UPV<\/span> <span dir=\"ltr\" role=\"presentation\">al<\/span> <span dir=\"ltr\" role=\"presentation\">programa<\/span> <span dir=\"ltr\" role=\"presentation\">Horizonte Europa<\/span> <span dir=\"ltr\" role=\"presentation\">(HORIZON).<\/span><\/span><\/div>\n\n\n\n<div class=\"wp-block-buttons is-layout-flex wp-block-buttons-is-layout-flex\">\n<div class=\"wp-block-button\"><a class=\"wp-block-button__link wp-element-button\" href=\"https:\/\/europeos.webs.upv.es\/index.php\/ayuda\/faqshe\/\">VER FAQS<\/a><\/div>\n<\/div>\n<\/div>\n\n\n\n<hr class=\"wp-block-separator has-alpha-channel-opacity is-style-dots\"\/>\n\n\n\n<div class=\"wp-block-group is-nowrap is-layout-flex wp-container-core-group-is-layout-6c531013 wp-block-group-is-layout-flex\">\n<div class=\"wp-block-buttons is-layout-flex wp-block-buttons-is-layout-flex\"><\/div>\n<\/div>\n\n\n\n<div id=\"wp-block-themeisle-blocks-advanced-columns-dfd643f3\" class=\"wp-block-themeisle-blocks-advanced-columns alignfull has-2-columns has-desktop-equal-layout has-tablet-equal-layout has-mobile-collapsedRows-layout has-reverse-columns-mobile has-vertical-center ticss-c00aadba\"><div class=\"wp-block-themeisle-blocks-advanced-columns-overlay\"><\/div><div class=\"innerblocks-wrap\">\n<div id=\"wp-block-themeisle-blocks-advanced-column-127ec10e\" class=\"wp-block-themeisle-blocks-advanced-column\">\n<div class=\"wp-block-cover aligncenter is-light wp-duotone-ffffff-cf2e2e-1\"><span aria-hidden=\"true\" class=\"wp-block-cover__background has-background-dim\"><\/span><img loading=\"lazy\" decoding=\"async\" width=\"1920\" height=\"969\" class=\"wp-block-cover__image-background wp-image-262\" alt=\"\" src=\"https:\/\/europeos.webs.upv.es\/wp-content\/uploads\/2022\/12\/puzzle-g95bd531ac_1920.jpg\" data-object-fit=\"cover\" srcset=\"https:\/\/europeos.webs.upv.es\/wp-content\/uploads\/2022\/12\/puzzle-g95bd531ac_1920.jpg 1920w, https:\/\/europeos.webs.upv.es\/wp-content\/uploads\/2022\/12\/puzzle-g95bd531ac_1920-300x151.jpg 300w, https:\/\/europeos.webs.upv.es\/wp-content\/uploads\/2022\/12\/puzzle-g95bd531ac_1920-1024x517.jpg 1024w, https:\/\/europeos.webs.upv.es\/wp-content\/uploads\/2022\/12\/puzzle-g95bd531ac_1920-768x388.jpg 768w, https:\/\/europeos.webs.upv.es\/wp-content\/uploads\/2022\/12\/puzzle-g95bd531ac_1920-1536x775.jpg 1536w\" sizes=\"auto, (max-width: 1920px) 100vw, 1920px\" \/><div class=\"wp-block-cover__inner-container is-layout-flow wp-block-cover-is-layout-flow\">\n<h2 class=\"has-text-align-center has-white-color has-text-color wp-block-heading\" id=\"people\">M\u00e1s informaci\u00f3n<\/h2>\n\n\n\n<div class=\"wp-block-buttons is-content-justification-center is-layout-flex wp-container-core-buttons-is-layout-a89b3969 wp-block-buttons-is-layout-flex\">\n<div class=\"wp-block-button is-style-primary\"><a class=\"wp-block-button__link wp-element-button\" href=\"http:\/\/policonsulta.upv.es\/\" target=\"_blank\" rel=\"noreferrer noopener\">PoliConsulta<\/a><\/div>\n<\/div>\n<\/div><\/div>\n<\/div>\n\n\n\n<div id=\"wp-block-themeisle-blocks-advanced-column-eefb8312\" class=\"wp-block-themeisle-blocks-advanced-column\">\n<div class=\"wp-block-cover is-light wp-duotone-ffffff-cf2e2e-2\"><span aria-hidden=\"true\" class=\"wp-block-cover__background has-background-dim\"><\/span><img loading=\"lazy\" decoding=\"async\" width=\"1920\" height=\"960\" class=\"wp-block-cover__image-background wp-image-263\" alt=\"\" src=\"https:\/\/europeos.webs.upv.es\/wp-content\/uploads\/2022\/12\/question-mark-g4f9ca7721_1920.jpg\" data-object-fit=\"cover\" srcset=\"https:\/\/europeos.webs.upv.es\/wp-content\/uploads\/2022\/12\/question-mark-g4f9ca7721_1920.jpg 1920w, https:\/\/europeos.webs.upv.es\/wp-content\/uploads\/2022\/12\/question-mark-g4f9ca7721_1920-300x150.jpg 300w, https:\/\/europeos.webs.upv.es\/wp-content\/uploads\/2022\/12\/question-mark-g4f9ca7721_1920-1024x512.jpg 1024w, https:\/\/europeos.webs.upv.es\/wp-content\/uploads\/2022\/12\/question-mark-g4f9ca7721_1920-768x384.jpg 768w, https:\/\/europeos.webs.upv.es\/wp-content\/uploads\/2022\/12\/question-mark-g4f9ca7721_1920-1536x768.jpg 1536w\" sizes=\"auto, (max-width: 1920px) 100vw, 1920px\" \/><div class=\"wp-block-cover__inner-container is-layout-flow wp-block-cover-is-layout-flow\">\n<h2 class=\"has-text-align-center has-white-color has-text-color wp-block-heading\" id=\"buildings\">\u00bfTienes dudas?<\/h2>\n\n\n\n<div class=\"wp-block-buttons is-content-justification-center is-layout-flex wp-container-core-buttons-is-layout-a89b3969 wp-block-buttons-is-layout-flex\">\n<div class=\"wp-block-button is-style-primary\"><a class=\"wp-block-button__link wp-element-button\" href=\"https:\/\/europeos.webs.upv.es\/index.php\/ayuda\/contacto\/\" target=\"_blank\" rel=\"noreferrer noopener\">Contacto<\/a><\/div>\n<\/div>\n<\/div><\/div>\n<\/div>\n<\/div><\/div>\n","protected":false},"excerpt":{"rendered":"<p>Horizonte Europa Preguntas frecuentes sobre cuestiones administrativas y econ\u00f3micas en relaci\u00f3n a la presentaci\u00f3n solicitudes de ayudas por la UPV al programa Horizonte Europa (HORIZON).<\/p>\n","protected":false},"author":1,"featured_media":0,"parent":0,"menu_order":0,"comment_status":"closed","ping_status":"closed","template":"","meta":{"_themeisle_gutenberg_block_has_review":false,"footnotes":""},"class_list":["post-41","page","type-page","status-publish","hentry"],"yoast_head":"<!-- This site is optimized with the Yoast SEO plugin v27.3 - https:\/\/yoast.com\/product\/yoast-seo-wordpress\/ -->\n<title>Ayuda - Oficina Virtual de Proyectos Europeos UPV<\/title>\n<meta name=\"robots\" content=\"index, follow, max-snippet:-1, max-image-preview:large, max-video-preview:-1\" \/>\n<link rel=\"canonical\" href=\"https:\/\/europeos.webs.upv.es\/index.php\/ayuda\/\" \/>\n<meta property=\"og:locale\" content=\"es_ES\" \/>\n<meta property=\"og:type\" content=\"article\" \/>\n<meta property=\"og:title\" content=\"Ayuda - Oficina Virtual de Proyectos Europeos UPV\" \/>\n<meta property=\"og:description\" content=\"Horizonte Europa Preguntas frecuentes sobre cuestiones administrativas y econ\u00f3micas en relaci\u00f3n a la presentaci\u00f3n solicitudes de ayudas por la UPV al programa Horizonte Europa (HORIZON).\" \/>\n<meta property=\"og:url\" content=\"https:\/\/europeos.webs.upv.es\/index.php\/ayuda\/\" \/>\n<meta property=\"og:site_name\" content=\"Oficina Virtual de Proyectos Europeos UPV\" \/>\n<meta property=\"article:modified_time\" content=\"2022-12-14T11:08:23+00:00\" \/>\n<meta property=\"og:image\" content=\"https:\/\/europeos.webs.upv.es\/wp-content\/uploads\/2022\/12\/puzzle-g95bd531ac_1920.jpg\" \/>\n<meta name=\"twitter:card\" content=\"summary_large_image\" \/>\n<meta name=\"twitter:label1\" content=\"Tiempo de lectura\" \/>\n\t<meta name=\"twitter:data1\" content=\"1 minuto\" \/>\n<script type=\"application\/ld+json\" class=\"yoast-schema-graph\">{\"@context\":\"https:\\\/\\\/schema.org\",\"@graph\":[{\"@type\":\"WebPage\",\"@id\":\"https:\\\/\\\/europeos.webs.upv.es\\\/index.php\\\/ayuda\\\/\",\"url\":\"https:\\\/\\\/europeos.webs.upv.es\\\/index.php\\\/ayuda\\\/\",\"name\":\"Ayuda - Oficina Virtual de Proyectos Europeos UPV\",\"isPartOf\":{\"@id\":\"https:\\\/\\\/europeos.webs.upv.es\\\/#website\"},\"primaryImageOfPage\":{\"@id\":\"https:\\\/\\\/europeos.webs.upv.es\\\/index.php\\\/ayuda\\\/#primaryimage\"},\"image\":{\"@id\":\"https:\\\/\\\/europeos.webs.upv.es\\\/index.php\\\/ayuda\\\/#primaryimage\"},\"thumbnailUrl\":\"https:\\\/\\\/europeos.webs.upv.es\\\/wp-content\\\/uploads\\\/2022\\\/12\\\/puzzle-g95bd531ac_1920.jpg\",\"datePublished\":\"2022-11-15T12:56:34+00:00\",\"dateModified\":\"2022-12-14T11:08:23+00:00\",\"breadcrumb\":{\"@id\":\"https:\\\/\\\/europeos.webs.upv.es\\\/index.php\\\/ayuda\\\/#breadcrumb\"},\"inLanguage\":\"es\",\"potentialAction\":[{\"@type\":\"ReadAction\",\"target\":[\"https:\\\/\\\/europeos.webs.upv.es\\\/index.php\\\/ayuda\\\/\"]}]},{\"@type\":\"ImageObject\",\"inLanguage\":\"es\",\"@id\":\"https:\\\/\\\/europeos.webs.upv.es\\\/index.php\\\/ayuda\\\/#primaryimage\",\"url\":\"https:\\\/\\\/europeos.webs.upv.es\\\/wp-content\\\/uploads\\\/2022\\\/12\\\/puzzle-g95bd531ac_1920.jpg\",\"contentUrl\":\"https:\\\/\\\/europeos.webs.upv.es\\\/wp-content\\\/uploads\\\/2022\\\/12\\\/puzzle-g95bd531ac_1920.jpg\",\"width\":1920,\"height\":969},{\"@type\":\"BreadcrumbList\",\"@id\":\"https:\\\/\\\/europeos.webs.upv.es\\\/index.php\\\/ayuda\\\/#breadcrumb\",\"itemListElement\":[{\"@type\":\"ListItem\",\"position\":1,\"name\":\"Inicio\",\"item\":\"https:\\\/\\\/europeos.webs.upv.es\\\/\"},{\"@type\":\"ListItem\",\"position\":2,\"name\":\"Ayuda\"}]},{\"@type\":\"WebSite\",\"@id\":\"https:\\\/\\\/europeos.webs.upv.es\\\/#website\",\"url\":\"https:\\\/\\\/europeos.webs.upv.es\\\/\",\"name\":\"Oficina Virtual de Proyectos Europeos UPV\",\"description\":\"Europeos UPV\",\"publisher\":{\"@id\":\"https:\\\/\\\/europeos.webs.upv.es\\\/#organization\"},\"potentialAction\":[{\"@type\":\"SearchAction\",\"target\":{\"@type\":\"EntryPoint\",\"urlTemplate\":\"https:\\\/\\\/europeos.webs.upv.es\\\/?s={search_term_string}\"},\"query-input\":{\"@type\":\"PropertyValueSpecification\",\"valueRequired\":true,\"valueName\":\"search_term_string\"}}],\"inLanguage\":\"es\"},{\"@type\":\"Organization\",\"@id\":\"https:\\\/\\\/europeos.webs.upv.es\\\/#organization\",\"name\":\"Oficina Virtual de Proyectos Europeos UPV\",\"url\":\"https:\\\/\\\/europeos.webs.upv.es\\\/\",\"logo\":{\"@type\":\"ImageObject\",\"inLanguage\":\"es\",\"@id\":\"https:\\\/\\\/europeos.webs.upv.es\\\/#\\\/schema\\\/logo\\\/image\\\/\",\"url\":\"https:\\\/\\\/europeos.webs.upv.es\\\/wp-content\\\/uploads\\\/2022\\\/12\\\/marca_UPV_principal_negro300.png\",\"contentUrl\":\"https:\\\/\\\/europeos.webs.upv.es\\\/wp-content\\\/uploads\\\/2022\\\/12\\\/marca_UPV_principal_negro300.png\",\"width\":1607,\"height\":568,\"caption\":\"Oficina Virtual de Proyectos Europeos UPV\"},\"image\":{\"@id\":\"https:\\\/\\\/europeos.webs.upv.es\\\/#\\\/schema\\\/logo\\\/image\\\/\"}}]}<\/script>\n<!-- \/ Yoast SEO plugin. -->","yoast_head_json":{"title":"Ayuda - Oficina Virtual de Proyectos Europeos UPV","robots":{"index":"index","follow":"follow","max-snippet":"max-snippet:-1","max-image-preview":"max-image-preview:large","max-video-preview":"max-video-preview:-1"},"canonical":"https:\/\/europeos.webs.upv.es\/index.php\/ayuda\/","og_locale":"es_ES","og_type":"article","og_title":"Ayuda - Oficina Virtual de Proyectos Europeos UPV","og_description":"Horizonte Europa Preguntas frecuentes sobre cuestiones administrativas y econ\u00f3micas en relaci\u00f3n a la presentaci\u00f3n solicitudes de ayudas por la UPV al programa Horizonte Europa (HORIZON).","og_url":"https:\/\/europeos.webs.upv.es\/index.php\/ayuda\/","og_site_name":"Oficina Virtual de Proyectos Europeos UPV","article_modified_time":"2022-12-14T11:08:23+00:00","og_image":[{"url":"https:\/\/europeos.webs.upv.es\/wp-content\/uploads\/2022\/12\/puzzle-g95bd531ac_1920.jpg","type":"","width":"","height":""}],"twitter_card":"summary_large_image","twitter_misc":{"Tiempo de lectura":"1 minuto"},"schema":{"@context":"https:\/\/schema.org","@graph":[{"@type":"WebPage","@id":"https:\/\/europeos.webs.upv.es\/index.php\/ayuda\/","url":"https:\/\/europeos.webs.upv.es\/index.php\/ayuda\/","name":"Ayuda - Oficina Virtual de Proyectos Europeos UPV","isPartOf":{"@id":"https:\/\/europeos.webs.upv.es\/#website"},"primaryImageOfPage":{"@id":"https:\/\/europeos.webs.upv.es\/index.php\/ayuda\/#primaryimage"},"image":{"@id":"https:\/\/europeos.webs.upv.es\/index.php\/ayuda\/#primaryimage"},"thumbnailUrl":"https:\/\/europeos.webs.upv.es\/wp-content\/uploads\/2022\/12\/puzzle-g95bd531ac_1920.jpg","datePublished":"2022-11-15T12:56:34+00:00","dateModified":"2022-12-14T11:08:23+00:00","breadcrumb":{"@id":"https:\/\/europeos.webs.upv.es\/index.php\/ayuda\/#breadcrumb"},"inLanguage":"es","potentialAction":[{"@type":"ReadAction","target":["https:\/\/europeos.webs.upv.es\/index.php\/ayuda\/"]}]},{"@type":"ImageObject","inLanguage":"es","@id":"https:\/\/europeos.webs.upv.es\/index.php\/ayuda\/#primaryimage","url":"https:\/\/europeos.webs.upv.es\/wp-content\/uploads\/2022\/12\/puzzle-g95bd531ac_1920.jpg","contentUrl":"https:\/\/europeos.webs.upv.es\/wp-content\/uploads\/2022\/12\/puzzle-g95bd531ac_1920.jpg","width":1920,"height":969},{"@type":"BreadcrumbList","@id":"https:\/\/europeos.webs.upv.es\/index.php\/ayuda\/#breadcrumb","itemListElement":[{"@type":"ListItem","position":1,"name":"Inicio","item":"https:\/\/europeos.webs.upv.es\/"},{"@type":"ListItem","position":2,"name":"Ayuda"}]},{"@type":"WebSite","@id":"https:\/\/europeos.webs.upv.es\/#website","url":"https:\/\/europeos.webs.upv.es\/","name":"Oficina Virtual de Proyectos Europeos UPV","description":"Europeos UPV","publisher":{"@id":"https:\/\/europeos.webs.upv.es\/#organization"},"potentialAction":[{"@type":"SearchAction","target":{"@type":"EntryPoint","urlTemplate":"https:\/\/europeos.webs.upv.es\/?s={search_term_string}"},"query-input":{"@type":"PropertyValueSpecification","valueRequired":true,"valueName":"search_term_string"}}],"inLanguage":"es"},{"@type":"Organization","@id":"https:\/\/europeos.webs.upv.es\/#organization","name":"Oficina Virtual de Proyectos Europeos UPV","url":"https:\/\/europeos.webs.upv.es\/","logo":{"@type":"ImageObject","inLanguage":"es","@id":"https:\/\/europeos.webs.upv.es\/#\/schema\/logo\/image\/","url":"https:\/\/europeos.webs.upv.es\/wp-content\/uploads\/2022\/12\/marca_UPV_principal_negro300.png","contentUrl":"https:\/\/europeos.webs.upv.es\/wp-content\/uploads\/2022\/12\/marca_UPV_principal_negro300.png","width":1607,"height":568,"caption":"Oficina Virtual de Proyectos Europeos UPV"},"image":{"@id":"https:\/\/europeos.webs.upv.es\/#\/schema\/logo\/image\/"}}]}},"_links":{"self":[{"href":"https:\/\/europeos.webs.upv.es\/index.php\/wp-json\/wp\/v2\/pages\/41","targetHints":{"allow":["GET"]}}],"collection":[{"href":"https:\/\/europeos.webs.upv.es\/index.php\/wp-json\/wp\/v2\/pages"}],"about":[{"href":"https:\/\/europeos.webs.upv.es\/index.php\/wp-json\/wp\/v2\/types\/page"}],"author":[{"embeddable":true,"href":"https:\/\/europeos.webs.upv.es\/index.php\/wp-json\/wp\/v2\/users\/1"}],"replies":[{"embeddable":true,"href":"https:\/\/europeos.webs.upv.es\/index.php\/wp-json\/wp\/v2\/comments?post=41"}],"version-history":[{"count":9,"href":"https:\/\/europeos.webs.upv.es\/index.php\/wp-json\/wp\/v2\/pages\/41\/revisions"}],"predecessor-version":[{"id":310,"href":"https:\/\/europeos.webs.upv.es\/index.php\/wp-json\/wp\/v2\/pages\/41\/revisions\/310"}],"wp:attachment":[{"href":"https:\/\/europeos.webs.upv.es\/index.php\/wp-json\/wp\/v2\/media?parent=41"}],"curies":[{"name":"wp","href":"https:\/\/api.w.org\/{rel}","templated":true}]}}